{"id":2,"date":"2015-09-19T02:00:00","date_gmt":"2015-09-19T01:00:00","guid":{"rendered":"http:\/\/todosagalope.pt\/wp\/?page_id=2"},"modified":"2025-08-25T16:51:26","modified_gmt":"2025-08-25T15:51:26","slug":"escola","status":"publish","type":"page","link":"https:\/\/todosagalope.pt\/index.php\/escola\/","title":{"rendered":"Aulas de Equita\u00e7\u00e3o"},"content":{"rendered":"\n<figure class=\"wp-block-image is-style-default\"><img loading=\"lazy\" decoding=\"async\" width=\"4752\" height=\"3168\" src=\"https:\/\/todosagalope.pt\/wp-content\/uploads\/2017\/03\/IMG_2243.jpg\" alt=\"\" class=\"wp-image-599\" srcset=\"https:\/\/todosagalope.pt\/wp-content\/uploads\/2017\/03\/IMG_2243.jpg 4752w, https:\/\/todosagalope.pt\/wp-content\/uploads\/2017\/03\/IMG_2243-300x200.jpg 300w, https:\/\/todosagalope.pt\/wp-content\/uploads\/2017\/03\/IMG_2243-768x512.jpg 768w, https:\/\/todosagalope.pt\/wp-content\/uploads\/2017\/03\/IMG_2243-1024x683.jpg 1024w, https:\/\/todosagalope.pt\/wp-content\/uploads\/2017\/03\/IMG_2243-750x500.jpg 750w\" sizes=\"auto, (max-width: 4752px) 100vw, 4752px\" \/><\/figure>\n\n\n\n<p>As aulas est\u00e3o abertas a alunos a partir dos 6 anos, com ou sem experi\u00eancia de equita\u00e7\u00e3o. A escola da Todos a Galope, pela natureza da sua miss\u00e3o, procura promover entre os alunos a solidariedade, o respeito pela diferen\u00e7a, a disciplina e a auto-confian\u00e7a.<\/p>\n\n\n\n<p>O ensino da equita\u00e7\u00e3o come\u00e7a pela inicia\u00e7\u00e3o onde o aluno em aulas em grupo m\u00e1ximo de 5 pessoas, adquire equil\u00edbrio sentado no cavalo, ganha confian\u00e7a e \u00e0 vontade nos tr\u00eas andamentos: passo, trote e galope. Nesta fase s\u00e3o ensinadas regras elementares de seguran\u00e7a e as principais tarefas de limpeza do cavalo.&nbsp; Em fun\u00e7\u00e3o da avalia\u00e7\u00e3o feita pelo instrutor, o aluno evoluir\u00e1 para sela, dos n\u00edveis seguintes: volteio, sela 1 at\u00e9 sela 4. <\/p>\n\n\n\n<p><strong><mark style=\"background-color:rgba(0, 0, 0, 0)\" class=\"has-inline-color has-black-color\">O que \u00e9 a equita\u00e7\u00e3o etol\u00f3gica?<\/mark><\/strong><\/p>\n\n\n\n<p>A etologia \u00e9 o estudo do comportamento, que aplicado \u00e0 equita\u00e7\u00e3o visa proporcionar ao cavaleiro e ao cavalo uma aprendizagem mais conectada e confiante.&nbsp;<\/p>\n\n\n\n<p>Ao adotar uma abordagem etol\u00f3gica, ir\u00e1 conseguir observar, compreender e comunicar de forma mais natural com o cavalo. Assim, constr\u00f3i-se uma verdadeira rela\u00e7\u00e3o de confian\u00e7a, que traz consigo maior seguran\u00e7a, tanto no trabalho a p\u00e9 como montado. Essa mesma confian\u00e7a facilitar\u00e1 tamb\u00e9m situa\u00e7\u00f5es pr\u00e1ticas, por exemplo, conduzir o cavalo com tranquilidade para a boxe, realizar banhos sem resist\u00eancia ou at\u00e9 manter o animal sereno durante a visita do veterin\u00e1rio ou do ferrador. Evitam-se assim momentos de tens\u00e3o e reduz-se o risco de acidentes tanto para o cavalo como para o cavaleiro.<\/p>\n\n\n\n<p>O resultado \u00e9 claro: um cavalo mais confi\u00e1vel, dispon\u00edvel e equilibrado, capaz de enfrentar diferentes ambientes com serenidade. Com a abordagem etol\u00f3gica, ambos beneficiam \u2014 o cavalo ganha tranquilidade e confian\u00e7a, e o cavaleiro desfruta de maior seguran\u00e7a, prazer e harmonia e conex\u00e3o em cada experi\u00eancia.<\/p>\n\n\n\n<p><mark style=\"background-color:#ffffff\" class=\"has-inline-color\">Bem-estar partilhado: confian\u00e7a, seguran\u00e7a e prazer na equita\u00e7\u00e3o.<\/mark>&nbsp;<\/p>\n\n\n\n<p>A pr\u00e1tica equestre \u00e9 orientada por treinadores credenciados para o efeito, pelo Instituto Portugu\u00eas do Desporto e da Juventude e pela Federa\u00e7\u00e3o Equestre Portuguesa e as din\u00e2micas baseadas na etologia do cavalo s\u00e3o orientadas por formadores e coaches certificados.<\/p>\n\n\n\n<p>Para detalhes do processo de <strong>inscri\u00e7\u00e3o <\/strong>ver <a href=\"https:\/\/todosagalope.pt\/index.php\/inscricoes\/\">aqui<\/a>.<\/p>\n\n\n\n<p>Para marca\u00e7\u00e3o de aulas avulso por favor enviar um e-mail para geral@todosagalope.pt com os seguinte dados: <br>Nome<br>Peso<br>Experi\u00eancia<br>Data pretendida <br>Tipo de aula<\/p>\n\n\n\n<hr class=\"wp-block-separator has-text-color has-vivid-red-color has-css-opacity has-vivid-red-background-color has-background\"\/>\n","protected":false},"excerpt":{"rendered":"<p>As aulas est\u00e3o abertas a alunos a partir dos 6 anos, com ou sem experi\u00eancia de equita\u00e7\u00e3o. A escola da Todos a Galope, pela natureza da sua miss\u00e3o, procura promover entre os alunos a solidariedade, o respeito pela diferen\u00e7a, a disciplina e a auto-confian\u00e7a. O ensino da equita\u00e7\u00e3o come\u00e7a pela inicia\u00e7\u00e3o onde o aluno em <a href=\"https:\/\/todosagalope.pt\/index.php\/escola\/\" rel=\"nofollow\"><span class=\"sr-only\">Ler mais sobreAulas de Equita\u00e7\u00e3o<\/span>[&hellip;]<\/a><\/p>\n","protected":false},"author":1,"featured_media":599,"parent":0,"menu_order":0,"comment_status":"closed","ping_status":"closed","template":"template-fullwidth.php","meta":{"footnotes":""},"class_list":["post-2","page","type-page","status-publish","has-post-thumbnail","hentry"],"yoast_head":"<!-- This site is optimized with the Yoast SEO plugin v18.9 - https:\/\/yoast.com\/wordpress\/plugins\/seo\/ -->\n<title>Aulas de Equita\u00e7\u00e3o - Todos a Galope<\/title>\n<meta name=\"robots\" content=\"index, follow, max-snippet:-1, max-image-preview:large, max-video-preview:-1\" \/>\n<link rel=\"canonical\" href=\"https:\/\/todosagalope.pt\/index.php\/escola\/\" \/>\n<meta property=\"og:locale\" content=\"pt_PT\" \/>\n<meta property=\"og:type\" content=\"article\" \/>\n<meta property=\"og:title\" content=\"Aulas de Equita\u00e7\u00e3o - Todos a Galope\" \/>\n<meta property=\"og:description\" content=\"As aulas est\u00e3o abertas a alunos a partir dos 6 anos, com ou sem experi\u00eancia de equita\u00e7\u00e3o. A escola da Todos a Galope, pela natureza da sua miss\u00e3o, procura promover entre os alunos a solidariedade, o respeito pela diferen\u00e7a, a disciplina e a auto-confian\u00e7a. O ensino da equita\u00e7\u00e3o come\u00e7a pela inicia\u00e7\u00e3o onde o aluno em Ler mais sobreAulas de Equita\u00e7\u00e3o[&hellip;]\" \/>\n<meta property=\"og:url\" content=\"https:\/\/todosagalope.pt\/index.php\/escola\/\" \/>\n<meta property=\"og:site_name\" content=\"Todos a Galope\" \/>\n<meta property=\"article:publisher\" content=\"http:\/\/facebook.com\/todosagalope.pt\" \/>\n<meta property=\"article:modified_time\" content=\"2025-08-25T15:51:26+00:00\" \/>\n<meta property=\"og:image\" content=\"https:\/\/todosagalope.pt\/wp-content\/uploads\/2017\/03\/IMG_2243-1024x683.jpg\" \/>\n\t<meta property=\"og:image:width\" content=\"1024\" \/>\n\t<meta property=\"og:image:height\" content=\"683\" \/>\n\t<meta property=\"og:image:type\" content=\"image\/jpeg\" \/>\n<meta name=\"twitter:card\" content=\"summary\" \/>\n<meta name=\"twitter:site\" content=\"@todosagalope\" \/>\n<meta name=\"twitter:label1\" content=\"Tempo estimado de leitura\" \/>\n\t<meta name=\"twitter:data1\" content=\"3 minutos\" \/>\n<script type=\"application\/ld+json\" class=\"yoast-schema-graph\">{\"@context\":\"https:\/\/schema.org\",\"@graph\":[{\"@type\":\"Organization\",\"@id\":\"https:\/\/todosagalope.pt\/#organization\",\"name\":\"Todos a Galope\",\"url\":\"https:\/\/todosagalope.pt\/\",\"sameAs\":[\"https:\/\/www.instagram.com\/todosagalope\",\"http:\/\/facebook.com\/todosagalope.pt\",\"https:\/\/twitter.com\/todosagalope\"],\"logo\":{\"@type\":\"ImageObject\",\"inLanguage\":\"pt-PT\",\"@id\":\"https:\/\/todosagalope.pt\/#\/schema\/logo\/image\/\",\"url\":\"http:\/\/todosagalope.pt\/wp-content\/uploads\/2017\/06\/Logo-TAG.png\",\"contentUrl\":\"http:\/\/todosagalope.pt\/wp-content\/uploads\/2017\/06\/Logo-TAG.png\",\"width\":1147,\"height\":674,\"caption\":\"Todos a Galope\"},\"image\":{\"@id\":\"https:\/\/todosagalope.pt\/#\/schema\/logo\/image\/\"}},{\"@type\":\"WebSite\",\"@id\":\"https:\/\/todosagalope.pt\/#website\",\"url\":\"https:\/\/todosagalope.pt\/\",\"name\":\"Todos a Galope\",\"description\":\"Todos a Galope - Associa\u00e7\u00e3o Equestre\",\"publisher\":{\"@id\":\"https:\/\/todosagalope.pt\/#organization\"},\"potentialAction\":[{\"@type\":\"SearchAction\",\"target\":{\"@type\":\"EntryPoint\",\"urlTemplate\":\"https:\/\/todosagalope.pt\/?s={search_term_string}\"},\"query-input\":\"required name=search_term_string\"}],\"inLanguage\":\"pt-PT\"},{\"@type\":\"ImageObject\",\"inLanguage\":\"pt-PT\",\"@id\":\"https:\/\/todosagalope.pt\/index.php\/escola\/#primaryimage\",\"url\":\"https:\/\/todosagalope.pt\/wp-content\/uploads\/2017\/03\/IMG_2243.jpg\",\"contentUrl\":\"https:\/\/todosagalope.pt\/wp-content\/uploads\/2017\/03\/IMG_2243.jpg\",\"width\":4752,\"height\":3168},{\"@type\":\"WebPage\",\"@id\":\"https:\/\/todosagalope.pt\/index.php\/escola\/#webpage\",\"url\":\"https:\/\/todosagalope.pt\/index.php\/escola\/\",\"name\":\"Aulas de Equita\u00e7\u00e3o - Todos a Galope\",\"isPartOf\":{\"@id\":\"https:\/\/todosagalope.pt\/#website\"},\"primaryImageOfPage\":{\"@id\":\"https:\/\/todosagalope.pt\/index.php\/escola\/#primaryimage\"},\"datePublished\":\"2015-09-19T01:00:00+00:00\",\"dateModified\":\"2025-08-25T15:51:26+00:00\",\"breadcrumb\":{\"@id\":\"https:\/\/todosagalope.pt\/index.php\/escola\/#breadcrumb\"},\"inLanguage\":\"pt-PT\",\"potentialAction\":[{\"@type\":\"ReadAction\",\"target\":[\"https:\/\/todosagalope.pt\/index.php\/escola\/\"]}]},{\"@type\":\"BreadcrumbList\",\"@id\":\"https:\/\/todosagalope.pt\/index.php\/escola\/#breadcrumb\",\"itemListElement\":[{\"@type\":\"ListItem\",\"position\":1,\"name\":\"In\u00edcio\",\"item\":\"https:\/\/todosagalope.pt\/\"},{\"@type\":\"ListItem\",\"position\":2,\"name\":\"Aulas de Equita\u00e7\u00e3o\"}]}]}<\/script>\n<!-- \/ Yoast SEO plugin. -->","yoast_head_json":{"title":"Aulas de Equita\u00e7\u00e3o - Todos a Galope","robots":{"index":"index","follow":"follow","max-snippet":"max-snippet:-1","max-image-preview":"max-image-preview:large","max-video-preview":"max-video-preview:-1"},"canonical":"https:\/\/todosagalope.pt\/index.php\/escola\/","og_locale":"pt_PT","og_type":"article","og_title":"Aulas de Equita\u00e7\u00e3o - Todos a Galope","og_description":"As aulas est\u00e3o abertas a alunos a partir dos 6 anos, com ou sem experi\u00eancia de equita\u00e7\u00e3o. A escola da Todos a Galope, pela natureza da sua miss\u00e3o, procura promover entre os alunos a solidariedade, o respeito pela diferen\u00e7a, a disciplina e a auto-confian\u00e7a. O ensino da equita\u00e7\u00e3o come\u00e7a pela inicia\u00e7\u00e3o onde o aluno em Ler mais sobreAulas de Equita\u00e7\u00e3o[&hellip;]","og_url":"https:\/\/todosagalope.pt\/index.php\/escola\/","og_site_name":"Todos a Galope","article_publisher":"http:\/\/facebook.com\/todosagalope.pt","article_modified_time":"2025-08-25T15:51:26+00:00","og_image":[{"width":1024,"height":683,"url":"https:\/\/todosagalope.pt\/wp-content\/uploads\/2017\/03\/IMG_2243-1024x683.jpg","type":"image\/jpeg"}],"twitter_card":"summary","twitter_site":"@todosagalope","twitter_misc":{"Tempo estimado de leitura":"3 minutos"},"schema":{"@context":"https:\/\/schema.org","@graph":[{"@type":"Organization","@id":"https:\/\/todosagalope.pt\/#organization","name":"Todos a Galope","url":"https:\/\/todosagalope.pt\/","sameAs":["https:\/\/www.instagram.com\/todosagalope","http:\/\/facebook.com\/todosagalope.pt","https:\/\/twitter.com\/todosagalope"],"logo":{"@type":"ImageObject","inLanguage":"pt-PT","@id":"https:\/\/todosagalope.pt\/#\/schema\/logo\/image\/","url":"http:\/\/todosagalope.pt\/wp-content\/uploads\/2017\/06\/Logo-TAG.png","contentUrl":"http:\/\/todosagalope.pt\/wp-content\/uploads\/2017\/06\/Logo-TAG.png","width":1147,"height":674,"caption":"Todos a Galope"},"image":{"@id":"https:\/\/todosagalope.pt\/#\/schema\/logo\/image\/"}},{"@type":"WebSite","@id":"https:\/\/todosagalope.pt\/#website","url":"https:\/\/todosagalope.pt\/","name":"Todos a Galope","description":"Todos a Galope - Associa\u00e7\u00e3o Equestre","publisher":{"@id":"https:\/\/todosagalope.pt\/#organization"},"potentialAction":[{"@type":"SearchAction","target":{"@type":"EntryPoint","urlTemplate":"https:\/\/todosagalope.pt\/?s={search_term_string}"},"query-input":"required name=search_term_string"}],"inLanguage":"pt-PT"},{"@type":"ImageObject","inLanguage":"pt-PT","@id":"https:\/\/todosagalope.pt\/index.php\/escola\/#primaryimage","url":"https:\/\/todosagalope.pt\/wp-content\/uploads\/2017\/03\/IMG_2243.jpg","contentUrl":"https:\/\/todosagalope.pt\/wp-content\/uploads\/2017\/03\/IMG_2243.jpg","width":4752,"height":3168},{"@type":"WebPage","@id":"https:\/\/todosagalope.pt\/index.php\/escola\/#webpage","url":"https:\/\/todosagalope.pt\/index.php\/escola\/","name":"Aulas de Equita\u00e7\u00e3o - Todos a Galope","isPartOf":{"@id":"https:\/\/todosagalope.pt\/#website"},"primaryImageOfPage":{"@id":"https:\/\/todosagalope.pt\/index.php\/escola\/#primaryimage"},"datePublished":"2015-09-19T01:00:00+00:00","dateModified":"2025-08-25T15:51:26+00:00","breadcrumb":{"@id":"https:\/\/todosagalope.pt\/index.php\/escola\/#breadcrumb"},"inLanguage":"pt-PT","potentialAction":[{"@type":"ReadAction","target":["https:\/\/todosagalope.pt\/index.php\/escola\/"]}]},{"@type":"BreadcrumbList","@id":"https:\/\/todosagalope.pt\/index.php\/escola\/#breadcrumb","itemListElement":[{"@type":"ListItem","position":1,"name":"In\u00edcio","item":"https:\/\/todosagalope.pt\/"},{"@type":"ListItem","position":2,"name":"Aulas de Equita\u00e7\u00e3o"}]}]}},"uagb_featured_image_src":{"full":["https:\/\/todosagalope.pt\/wp-content\/uploads\/2017\/03\/IMG_2243.jpg",4752,3168,false],"thumbnail":["https:\/\/todosagalope.pt\/wp-content\/uploads\/2017\/03\/IMG_2243-150x150.jpg",150,150,true],"medium":["https:\/\/todosagalope.pt\/wp-content\/uploads\/2017\/03\/IMG_2243-300x200.jpg",300,200,true],"medium_large":["https:\/\/todosagalope.pt\/wp-content\/uploads\/2017\/03\/IMG_2243-768x512.jpg",640,427,true],"large":["https:\/\/todosagalope.pt\/wp-content\/uploads\/2017\/03\/IMG_2243-1024x683.jpg",640,427,true],"1536x1536":["https:\/\/todosagalope.pt\/wp-content\/uploads\/2017\/03\/IMG_2243.jpg",1536,1024,false],"2048x2048":["https:\/\/todosagalope.pt\/wp-content\/uploads\/2017\/03\/IMG_2243.jpg",2048,1365,false],"zerif-post-thumbnail":["https:\/\/todosagalope.pt\/wp-content\/uploads\/2017\/03\/IMG_2243-250x250.jpg",250,250,true],"zerif-post-thumbnail-large":["https:\/\/todosagalope.pt\/wp-content\/uploads\/2017\/03\/IMG_2243-750x500.jpg",750,500,true],"zerif-post-thumbnail-large-table":["https:\/\/todosagalope.pt\/wp-content\/uploads\/2017\/03\/IMG_2243-600x300.jpg",600,300,true],"zerif-post-thumbnail-large-mobile":["https:\/\/todosagalope.pt\/wp-content\/uploads\/2017\/03\/IMG_2243-400x200.jpg",400,200,true],"zerif_project_photo":["https:\/\/todosagalope.pt\/wp-content\/uploads\/2017\/03\/IMG_2243-285x214.jpg",285,214,true],"zerif_our_team_photo":["https:\/\/todosagalope.pt\/wp-content\/uploads\/2017\/03\/IMG_2243-174x174.jpg",174,174,true]},"uagb_author_info":{"display_name":"admin","author_link":"https:\/\/todosagalope.pt\/index.php\/author\/admin\/"},"uagb_comment_info":0,"uagb_excerpt":"As aulas est\u00e3o abertas a alunos a partir dos 6 anos, com ou sem experi\u00eancia de equita\u00e7\u00e3o. A escola da Todos a Galope, pela natureza da sua miss\u00e3o, procura promover entre os alunos a solidariedade, o respeito pela diferen\u00e7a, a disciplina e a auto-confian\u00e7a. O ensino da equita\u00e7\u00e3o come\u00e7a pela inicia\u00e7\u00e3o onde o aluno em&hellip;","_links":{"self":[{"href":"https:\/\/todosagalope.pt\/index.php\/wp-json\/wp\/v2\/pages\/2","targetHints":{"allow":["GET"]}}],"collection":[{"href":"https:\/\/todosagalope.pt\/index.php\/wp-json\/wp\/v2\/pages"}],"about":[{"href":"https:\/\/todosagalope.pt\/index.php\/wp-json\/wp\/v2\/types\/page"}],"author":[{"embeddable":true,"href":"https:\/\/todosagalope.pt\/index.php\/wp-json\/wp\/v2\/users\/1"}],"replies":[{"embeddable":true,"href":"https:\/\/todosagalope.pt\/index.php\/wp-json\/wp\/v2\/comments?post=2"}],"version-history":[{"count":92,"href":"https:\/\/todosagalope.pt\/index.php\/wp-json\/wp\/v2\/pages\/2\/revisions"}],"predecessor-version":[{"id":2272,"href":"https:\/\/todosagalope.pt\/index.php\/wp-json\/wp\/v2\/pages\/2\/revisions\/2272"}],"wp:featuredmedia":[{"embeddable":true,"href":"https:\/\/todosagalope.pt\/index.php\/wp-json\/wp\/v2\/media\/599"}],"wp:attachment":[{"href":"https:\/\/todosagalope.pt\/index.php\/wp-json\/wp\/v2\/media?parent=2"}],"curies":[{"name":"wp","href":"https:\/\/api.w.org\/{rel}","templated":true}]}}