{"id":27,"date":"2015-09-22T18:13:29","date_gmt":"2015-09-22T18:13:29","guid":{"rendered":"http:\/\/todosagalope.pt\/wp\/?page_id=27"},"modified":"2025-08-20T14:29:42","modified_gmt":"2025-08-20T13:29:42","slug":"hipoterapia","status":"publish","type":"page","link":"https:\/\/todosagalope.pt\/index.php\/hipoterapia\/","title":{"rendered":"Terapia Assistida por Equinos (TAE)"},"content":{"rendered":"\n<figure class=\"wp-block-image\"><a href=\"https:\/\/todosagalope.pt\/wp-content\/uploads\/2017\/01\/13707612_1004837679636816_3021643369475608980_n.jpg\"><img loading=\"lazy\" decoding=\"async\" width=\"800\" height=\"535\" src=\"https:\/\/todosagalope.pt\/wp-content\/uploads\/2017\/01\/13707612_1004837679636816_3021643369475608980_n.jpg\" alt=\"\" class=\"wp-image-475\" srcset=\"https:\/\/todosagalope.pt\/wp-content\/uploads\/2017\/01\/13707612_1004837679636816_3021643369475608980_n.jpg 800w, https:\/\/todosagalope.pt\/wp-content\/uploads\/2017\/01\/13707612_1004837679636816_3021643369475608980_n-300x201.jpg 300w, https:\/\/todosagalope.pt\/wp-content\/uploads\/2017\/01\/13707612_1004837679636816_3021643369475608980_n-768x514.jpg 768w\" sizes=\"auto, (max-width: 800px) 100vw, 800px\" \/><\/a><\/figure>\n\n\n\n<p class=\"has-vivid-red-color has-text-color\">TEMPORARIAMENTE INDISPON\u00cdVEL<\/p>\n\n\n\n<p>As sess\u00f5es de TAE s\u00e3o conduzidas por uma equipa multidisciplinar: um profissional de sa\u00fade (fisioterapeuta, terapeuta ocupacional, psic\u00f3logo), um instrutor de equita\u00e7\u00e3o e um cavalo treinado para o efeito.<\/p>\n\n\n\n<p>A TAE tem duas val\u00eancias: a Hipoterapia e a Equita\u00e7\u00e3o Terap\u00eautica.<\/p>\n\n\n\n<p>A <strong>Hipoterapia<\/strong> visa a reabilita\u00e7\u00e3o neuromotora atrav\u00e9s do movimento do cavalo. Quando se desloca &#8220;a passo\u201d, o cavalo produz um movimento tridimensional semelhante ao da marcha humana e a fisionomia do seu dorso permite que o cavaleiro se sente numa postura correta. Estas caracter\u00edsticas proporcionam um grande aporte de est\u00edmulos sensoriais e motores ao sistema nervoso central do cavaleiro, essenciais para o processo terap\u00eautico.<\/p>\n\n\n\n<p>A <strong>Equita\u00e7\u00e3o Terap\u00eautica<\/strong> consiste na realiza\u00e7\u00e3o de um conjunto de atividades l\u00fadicas com significado terap\u00eautico durante a sess\u00e3o de equita\u00e7\u00e3o. Utiliza o movimento e a rela\u00e7\u00e3o com o cavalo com vista ao desenvolvimento de compet\u00eancias cognitivas, sociais e emocionais, ao mesmo tempo que ensina a montar a cavalo.<\/p>\n\n\n\n<h4 class=\"wp-block-heading\"><strong>Destinat\u00e1rios e Benef\u00edcios<\/strong><\/h4>\n\n\n\n<p>A TAE destina-se a todas as pessoas com necessidades especiais desde que n\u00e3o apresentem contraindica\u00e7\u00f5es impeditivas da pr\u00e1tica desta terapia (por exemplo, instabilidade atlanto-axial, escolioses graves entre outras a avaliar pelos t\u00e9cnicos).De entre os benef\u00edcios da TAE destacamos:<\/p>\n\n\n\n<ul class=\"wp-block-list\"><li><strong>F\u00edsicos<\/strong> &#8211; coordena\u00e7\u00e3o de movimentos, destreza, manuten\u00e7\u00e3o da postura<\/li><li><strong>Cognitivos<\/strong> &#8211; aten\u00e7\u00e3o e concentra\u00e7\u00e3o, mem\u00f3ria, propriocep\u00e7\u00e3o, no\u00e7\u00e3o espacial<\/li><li><strong>Emocionais<\/strong> &#8211; autoconfian\u00e7a, controlo das emo\u00e7\u00f5es, ganho de independ\u00eancia<\/li><li><strong>Sociais<\/strong> &#8211; melhoria da comunica\u00e7\u00e3o, das rela\u00e7\u00f5es interpessoais, socializa\u00e7\u00e3o<\/li><\/ul>\n\n\n\n<h4 class=\"wp-block-heading\"><strong>Inscri\u00e7\u00f5es<\/strong><\/h4>\n\n\n\n<p>Se quiser inscrever-se em sess\u00f5es de Hipoterapia ou Equita\u00e7\u00e3o Terap\u00eautica na Todos a Galope<strong> preencha o formul\u00e1rio de inscri\u00e7\u00e3o<\/strong> <a href=\"https:\/\/goo.gl\/forms\/3ymkaccIAX8fZTrv2\">aqui<\/a> e em breve entraremos em contacto!<\/p>\n\n\n\n<p>Fa\u00e7a o download da ficha m\u00e9dica:<\/p>\n\n\n\n<div class=\"wp-block-file\"><a id=\"wp-block-file--media-937e00e3-2739-42ed-98fc-af5dd1bef0b9\" href=\"https:\/\/todosagalope.pt\/wp-content\/uploads\/2020\/03\/TaG-_-TAE-_-Ficha-Me\u0301dica.pdf\">Ficha-Me\u0301dica Hipoterapia<\/a><a href=\"https:\/\/todosagalope.pt\/wp-content\/uploads\/2020\/03\/TaG-_-TAE-_-Ficha-Me\u0301dica.pdf\" class=\"wp-block-file__button\" download aria-describedby=\"wp-block-file--media-937e00e3-2739-42ed-98fc-af5dd1bef0b9\">Download<\/a><\/div>\n\n\n\n<p>Solicitamos que envie a ficha m\u00e9dica preenchida, para o e-mail: geral@todosagalope.pt<\/p>\n\n\n\n<p>As pessoas com incapacidade que procurem simplesmente praticar uma actividade desportiva, sem um fim terap\u00eautico espec\u00edfico, podem fazer aulas de Equita\u00e7\u00e3o Adaptada. Nesta modalidade, o cavaleiro conduz o cavalo de forma independente, evoluindo na modalidade desportiva com as adapta\u00e7\u00f5es espec\u00edficas em termos de equipamento ou comunica\u00e7\u00e3o com o treinador e\/ou o cavalo, inerentes \u00e0 incapacidade em causa.<\/p>\n\n\n\n<p>Para o Seguro da Federa\u00e7\u00e3o Equestre Portuguesa, al\u00e9m da ficha m\u00e9dica, \u00e9 necess\u00e1rio que o m\u00e9dico preencha este documento: <a href=\"https:\/\/todosagalope.pt\/wp-content\/uploads\/2019\/09\/exame-me%CC%81dico-desportivo_ipdj.pdf\">https:\/\/todosagalope.pt\/wp-content\/uploads\/2019\/09\/exame-me%CC%81dico-desportivo_ipdj.pdf<\/a><\/p>\n\n\n\n<p>Antes de come\u00e7ar as aulas, entregar o original na secretaria da Todos a Galope.<\/p>\n","protected":false},"excerpt":{"rendered":"<p>TEMPORARIAMENTE INDISPON\u00cdVEL As sess\u00f5es de TAE s\u00e3o conduzidas por uma equipa multidisciplinar: um profissional de sa\u00fade (fisioterapeuta, terapeuta ocupacional, psic\u00f3logo), um instrutor de equita\u00e7\u00e3o e um cavalo treinado para o efeito. A TAE tem duas val\u00eancias: a Hipoterapia e a Equita\u00e7\u00e3o Terap\u00eautica. A Hipoterapia visa a reabilita\u00e7\u00e3o neuromotora atrav\u00e9s do movimento do cavalo. Quando se <a href=\"https:\/\/todosagalope.pt\/index.php\/hipoterapia\/\" rel=\"nofollow\"><span class=\"sr-only\">Ler mais sobreTerapia Assistida por Equinos (TAE)<\/span>[&hellip;]<\/a><\/p>\n","protected":false},"author":1,"featured_media":475,"parent":0,"menu_order":0,"comment_status":"closed","ping_status":"closed","template":"template-fullwidth.php","meta":{"footnotes":""},"class_list":["post-27","page","type-page","status-publish","has-post-thumbnail","hentry"],"yoast_head":"<!-- This site is optimized with the Yoast SEO plugin v18.9 - https:\/\/yoast.com\/wordpress\/plugins\/seo\/ -->\n<title>Terapia Assistida por Equinos (TAE) - Todos a Galope<\/title>\n<meta name=\"robots\" content=\"index, follow, max-snippet:-1, max-image-preview:large, max-video-preview:-1\" \/>\n<link rel=\"canonical\" href=\"https:\/\/todosagalope.pt\/index.php\/hipoterapia\/\" \/>\n<meta property=\"og:locale\" content=\"pt_PT\" \/>\n<meta property=\"og:type\" content=\"article\" \/>\n<meta property=\"og:title\" content=\"Terapia Assistida por Equinos (TAE) - Todos a Galope\" \/>\n<meta property=\"og:description\" content=\"TEMPORARIAMENTE INDISPON\u00cdVEL As sess\u00f5es de TAE s\u00e3o conduzidas por uma equipa multidisciplinar: um profissional de sa\u00fade (fisioterapeuta, terapeuta ocupacional, psic\u00f3logo), um instrutor de equita\u00e7\u00e3o e um cavalo treinado para o efeito. A TAE tem duas val\u00eancias: a Hipoterapia e a Equita\u00e7\u00e3o Terap\u00eautica. A Hipoterapia visa a reabilita\u00e7\u00e3o neuromotora atrav\u00e9s do movimento do cavalo. Quando se Ler mais sobreTerapia Assistida por Equinos (TAE)[&hellip;]\" \/>\n<meta property=\"og:url\" content=\"https:\/\/todosagalope.pt\/index.php\/hipoterapia\/\" \/>\n<meta property=\"og:site_name\" content=\"Todos a Galope\" \/>\n<meta property=\"article:publisher\" content=\"http:\/\/facebook.com\/todosagalope.pt\" \/>\n<meta property=\"article:modified_time\" content=\"2025-08-20T13:29:42+00:00\" \/>\n<meta property=\"og:image\" content=\"https:\/\/todosagalope.pt\/wp-content\/uploads\/2017\/01\/13707612_1004837679636816_3021643369475608980_n.jpg\" \/>\n\t<meta property=\"og:image:width\" content=\"800\" \/>\n\t<meta property=\"og:image:height\" content=\"535\" \/>\n\t<meta property=\"og:image:type\" content=\"image\/jpeg\" \/>\n<meta name=\"twitter:card\" content=\"summary\" \/>\n<meta name=\"twitter:site\" content=\"@todosagalope\" \/>\n<meta name=\"twitter:label1\" content=\"Tempo estimado de leitura\" \/>\n\t<meta name=\"twitter:data1\" content=\"3 minutos\" \/>\n<script type=\"application\/ld+json\" class=\"yoast-schema-graph\">{\"@context\":\"https:\/\/schema.org\",\"@graph\":[{\"@type\":\"Organization\",\"@id\":\"https:\/\/todosagalope.pt\/#organization\",\"name\":\"Todos a Galope\",\"url\":\"https:\/\/todosagalope.pt\/\",\"sameAs\":[\"https:\/\/www.instagram.com\/todosagalope\",\"http:\/\/facebook.com\/todosagalope.pt\",\"https:\/\/twitter.com\/todosagalope\"],\"logo\":{\"@type\":\"ImageObject\",\"inLanguage\":\"pt-PT\",\"@id\":\"https:\/\/todosagalope.pt\/#\/schema\/logo\/image\/\",\"url\":\"http:\/\/todosagalope.pt\/wp-content\/uploads\/2017\/06\/Logo-TAG.png\",\"contentUrl\":\"http:\/\/todosagalope.pt\/wp-content\/uploads\/2017\/06\/Logo-TAG.png\",\"width\":1147,\"height\":674,\"caption\":\"Todos a Galope\"},\"image\":{\"@id\":\"https:\/\/todosagalope.pt\/#\/schema\/logo\/image\/\"}},{\"@type\":\"WebSite\",\"@id\":\"https:\/\/todosagalope.pt\/#website\",\"url\":\"https:\/\/todosagalope.pt\/\",\"name\":\"Todos a Galope\",\"description\":\"Todos a Galope - Associa\u00e7\u00e3o Equestre\",\"publisher\":{\"@id\":\"https:\/\/todosagalope.pt\/#organization\"},\"potentialAction\":[{\"@type\":\"SearchAction\",\"target\":{\"@type\":\"EntryPoint\",\"urlTemplate\":\"https:\/\/todosagalope.pt\/?s={search_term_string}\"},\"query-input\":\"required name=search_term_string\"}],\"inLanguage\":\"pt-PT\"},{\"@type\":\"ImageObject\",\"inLanguage\":\"pt-PT\",\"@id\":\"https:\/\/todosagalope.pt\/index.php\/hipoterapia\/#primaryimage\",\"url\":\"https:\/\/todosagalope.pt\/wp-content\/uploads\/2017\/01\/13707612_1004837679636816_3021643369475608980_n.jpg\",\"contentUrl\":\"https:\/\/todosagalope.pt\/wp-content\/uploads\/2017\/01\/13707612_1004837679636816_3021643369475608980_n.jpg\",\"width\":800,\"height\":535},{\"@type\":\"WebPage\",\"@id\":\"https:\/\/todosagalope.pt\/index.php\/hipoterapia\/#webpage\",\"url\":\"https:\/\/todosagalope.pt\/index.php\/hipoterapia\/\",\"name\":\"Terapia Assistida por Equinos (TAE) - Todos a Galope\",\"isPartOf\":{\"@id\":\"https:\/\/todosagalope.pt\/#website\"},\"primaryImageOfPage\":{\"@id\":\"https:\/\/todosagalope.pt\/index.php\/hipoterapia\/#primaryimage\"},\"datePublished\":\"2015-09-22T18:13:29+00:00\",\"dateModified\":\"2025-08-20T13:29:42+00:00\",\"breadcrumb\":{\"@id\":\"https:\/\/todosagalope.pt\/index.php\/hipoterapia\/#breadcrumb\"},\"inLanguage\":\"pt-PT\",\"potentialAction\":[{\"@type\":\"ReadAction\",\"target\":[\"https:\/\/todosagalope.pt\/index.php\/hipoterapia\/\"]}]},{\"@type\":\"BreadcrumbList\",\"@id\":\"https:\/\/todosagalope.pt\/index.php\/hipoterapia\/#breadcrumb\",\"itemListElement\":[{\"@type\":\"ListItem\",\"position\":1,\"name\":\"In\u00edcio\",\"item\":\"https:\/\/todosagalope.pt\/\"},{\"@type\":\"ListItem\",\"position\":2,\"name\":\"Terapia Assistida por Equinos (TAE)\"}]}]}<\/script>\n<!-- \/ Yoast SEO plugin. -->","yoast_head_json":{"title":"Terapia Assistida por Equinos (TAE) - Todos a Galope","robots":{"index":"index","follow":"follow","max-snippet":"max-snippet:-1","max-image-preview":"max-image-preview:large","max-video-preview":"max-video-preview:-1"},"canonical":"https:\/\/todosagalope.pt\/index.php\/hipoterapia\/","og_locale":"pt_PT","og_type":"article","og_title":"Terapia Assistida por Equinos (TAE) - Todos a Galope","og_description":"TEMPORARIAMENTE INDISPON\u00cdVEL As sess\u00f5es de TAE s\u00e3o conduzidas por uma equipa multidisciplinar: um profissional de sa\u00fade (fisioterapeuta, terapeuta ocupacional, psic\u00f3logo), um instrutor de equita\u00e7\u00e3o e um cavalo treinado para o efeito. A TAE tem duas val\u00eancias: a Hipoterapia e a Equita\u00e7\u00e3o Terap\u00eautica. A Hipoterapia visa a reabilita\u00e7\u00e3o neuromotora atrav\u00e9s do movimento do cavalo. Quando se Ler mais sobreTerapia Assistida por Equinos (TAE)[&hellip;]","og_url":"https:\/\/todosagalope.pt\/index.php\/hipoterapia\/","og_site_name":"Todos a Galope","article_publisher":"http:\/\/facebook.com\/todosagalope.pt","article_modified_time":"2025-08-20T13:29:42+00:00","og_image":[{"width":800,"height":535,"url":"https:\/\/todosagalope.pt\/wp-content\/uploads\/2017\/01\/13707612_1004837679636816_3021643369475608980_n.jpg","type":"image\/jpeg"}],"twitter_card":"summary","twitter_site":"@todosagalope","twitter_misc":{"Tempo estimado de leitura":"3 minutos"},"schema":{"@context":"https:\/\/schema.org","@graph":[{"@type":"Organization","@id":"https:\/\/todosagalope.pt\/#organization","name":"Todos a Galope","url":"https:\/\/todosagalope.pt\/","sameAs":["https:\/\/www.instagram.com\/todosagalope","http:\/\/facebook.com\/todosagalope.pt","https:\/\/twitter.com\/todosagalope"],"logo":{"@type":"ImageObject","inLanguage":"pt-PT","@id":"https:\/\/todosagalope.pt\/#\/schema\/logo\/image\/","url":"http:\/\/todosagalope.pt\/wp-content\/uploads\/2017\/06\/Logo-TAG.png","contentUrl":"http:\/\/todosagalope.pt\/wp-content\/uploads\/2017\/06\/Logo-TAG.png","width":1147,"height":674,"caption":"Todos a Galope"},"image":{"@id":"https:\/\/todosagalope.pt\/#\/schema\/logo\/image\/"}},{"@type":"WebSite","@id":"https:\/\/todosagalope.pt\/#website","url":"https:\/\/todosagalope.pt\/","name":"Todos a Galope","description":"Todos a Galope - Associa\u00e7\u00e3o Equestre","publisher":{"@id":"https:\/\/todosagalope.pt\/#organization"},"potentialAction":[{"@type":"SearchAction","target":{"@type":"EntryPoint","urlTemplate":"https:\/\/todosagalope.pt\/?s={search_term_string}"},"query-input":"required name=search_term_string"}],"inLanguage":"pt-PT"},{"@type":"ImageObject","inLanguage":"pt-PT","@id":"https:\/\/todosagalope.pt\/index.php\/hipoterapia\/#primaryimage","url":"https:\/\/todosagalope.pt\/wp-content\/uploads\/2017\/01\/13707612_1004837679636816_3021643369475608980_n.jpg","contentUrl":"https:\/\/todosagalope.pt\/wp-content\/uploads\/2017\/01\/13707612_1004837679636816_3021643369475608980_n.jpg","width":800,"height":535},{"@type":"WebPage","@id":"https:\/\/todosagalope.pt\/index.php\/hipoterapia\/#webpage","url":"https:\/\/todosagalope.pt\/index.php\/hipoterapia\/","name":"Terapia Assistida por Equinos (TAE) - Todos a Galope","isPartOf":{"@id":"https:\/\/todosagalope.pt\/#website"},"primaryImageOfPage":{"@id":"https:\/\/todosagalope.pt\/index.php\/hipoterapia\/#primaryimage"},"datePublished":"2015-09-22T18:13:29+00:00","dateModified":"2025-08-20T13:29:42+00:00","breadcrumb":{"@id":"https:\/\/todosagalope.pt\/index.php\/hipoterapia\/#breadcrumb"},"inLanguage":"pt-PT","potentialAction":[{"@type":"ReadAction","target":["https:\/\/todosagalope.pt\/index.php\/hipoterapia\/"]}]},{"@type":"BreadcrumbList","@id":"https:\/\/todosagalope.pt\/index.php\/hipoterapia\/#breadcrumb","itemListElement":[{"@type":"ListItem","position":1,"name":"In\u00edcio","item":"https:\/\/todosagalope.pt\/"},{"@type":"ListItem","position":2,"name":"Terapia Assistida por Equinos (TAE)"}]}]}},"uagb_featured_image_src":{"full":["https:\/\/todosagalope.pt\/wp-content\/uploads\/2017\/01\/13707612_1004837679636816_3021643369475608980_n.jpg",800,535,false],"thumbnail":["https:\/\/todosagalope.pt\/wp-content\/uploads\/2017\/01\/13707612_1004837679636816_3021643369475608980_n-150x150.jpg",150,150,true],"medium":["https:\/\/todosagalope.pt\/wp-content\/uploads\/2017\/01\/13707612_1004837679636816_3021643369475608980_n-300x201.jpg",300,201,true],"medium_large":["https:\/\/todosagalope.pt\/wp-content\/uploads\/2017\/01\/13707612_1004837679636816_3021643369475608980_n-768x514.jpg",640,428,true],"large":["https:\/\/todosagalope.pt\/wp-content\/uploads\/2017\/01\/13707612_1004837679636816_3021643369475608980_n.jpg",640,428,false],"1536x1536":["https:\/\/todosagalope.pt\/wp-content\/uploads\/2017\/01\/13707612_1004837679636816_3021643369475608980_n.jpg",800,535,false],"2048x2048":["https:\/\/todosagalope.pt\/wp-content\/uploads\/2017\/01\/13707612_1004837679636816_3021643369475608980_n.jpg",800,535,false],"zerif-post-thumbnail":["https:\/\/todosagalope.pt\/wp-content\/uploads\/2017\/01\/13707612_1004837679636816_3021643369475608980_n.jpg",250,167,false],"zerif-post-thumbnail-large":["https:\/\/todosagalope.pt\/wp-content\/uploads\/2017\/01\/13707612_1004837679636816_3021643369475608980_n.jpg",748,500,false],"zerif-post-thumbnail-large-table":["https:\/\/todosagalope.pt\/wp-content\/uploads\/2017\/01\/13707612_1004837679636816_3021643369475608980_n.jpg",449,300,false],"zerif-post-thumbnail-large-mobile":["https:\/\/todosagalope.pt\/wp-content\/uploads\/2017\/01\/13707612_1004837679636816_3021643369475608980_n.jpg",299,200,false],"zerif_project_photo":["https:\/\/todosagalope.pt\/wp-content\/uploads\/2017\/01\/13707612_1004837679636816_3021643369475608980_n-285x214.jpg",285,214,true],"zerif_our_team_photo":["https:\/\/todosagalope.pt\/wp-content\/uploads\/2017\/01\/13707612_1004837679636816_3021643369475608980_n-174x174.jpg",174,174,true]},"uagb_author_info":{"display_name":"admin","author_link":"https:\/\/todosagalope.pt\/index.php\/author\/admin\/"},"uagb_comment_info":0,"uagb_excerpt":"TEMPORARIAMENTE INDISPON\u00cdVEL As sess\u00f5es de TAE s\u00e3o conduzidas por uma equipa multidisciplinar: um profissional de sa\u00fade (fisioterapeuta, terapeuta ocupacional, psic\u00f3logo), um instrutor de equita\u00e7\u00e3o e um cavalo treinado para o efeito. A TAE tem duas val\u00eancias: a Hipoterapia e a Equita\u00e7\u00e3o Terap\u00eautica. A Hipoterapia visa a reabilita\u00e7\u00e3o neuromotora atrav\u00e9s do movimento do cavalo. Quando se&hellip;","_links":{"self":[{"href":"https:\/\/todosagalope.pt\/index.php\/wp-json\/wp\/v2\/pages\/27","targetHints":{"allow":["GET"]}}],"collection":[{"href":"https:\/\/todosagalope.pt\/index.php\/wp-json\/wp\/v2\/pages"}],"about":[{"href":"https:\/\/todosagalope.pt\/index.php\/wp-json\/wp\/v2\/types\/page"}],"author":[{"embeddable":true,"href":"https:\/\/todosagalope.pt\/index.php\/wp-json\/wp\/v2\/users\/1"}],"replies":[{"embeddable":true,"href":"https:\/\/todosagalope.pt\/index.php\/wp-json\/wp\/v2\/comments?post=27"}],"version-history":[{"count":76,"href":"https:\/\/todosagalope.pt\/index.php\/wp-json\/wp\/v2\/pages\/27\/revisions"}],"predecessor-version":[{"id":2237,"href":"https:\/\/todosagalope.pt\/index.php\/wp-json\/wp\/v2\/pages\/27\/revisions\/2237"}],"wp:featuredmedia":[{"embeddable":true,"href":"https:\/\/todosagalope.pt\/index.php\/wp-json\/wp\/v2\/media\/475"}],"wp:attachment":[{"href":"https:\/\/todosagalope.pt\/index.php\/wp-json\/wp\/v2\/media?parent=27"}],"curies":[{"name":"wp","href":"https:\/\/api.w.org\/{rel}","templated":true}]}}