{"id":52,"date":"2015-09-22T18:13:29","date_gmt":"2015-09-22T18:13:29","guid":{"rendered":"http:\/\/todosagalope.pt\/wp\/?page_id=52"},"modified":"2025-08-20T14:27:31","modified_gmt":"2025-08-20T13:27:31","slug":"sobrenos","status":"publish","type":"page","link":"https:\/\/todosagalope.pt\/index.php\/sobrenos\/","title":{"rendered":"A associa\u00e7\u00e3o"},"content":{"rendered":"\n<p>A Todos a Galope \u00e9 uma associa\u00e7\u00e3o equestre sem fins lucrativos cuja miss\u00e3o \u00e9 proporcionar o contacto e os benef\u00edcios da rela\u00e7\u00e3o com o cavalo a pessoas de todos os contextos socio-econ\u00f3micos, promovendo a igualdade e a inclus\u00e3o social atrav\u00e9s do desporto equestre e das atividades equestres ligadas ao lazer e \u00e0 sa\u00fade.<\/p>\n\n\n\n<p>Para prosseguir esta miss\u00e3o, a TaG dinamiza um centro equestre em Lisboa, baseado nos valores da solidariedade e da sustentabilidade, preconizando um modelo em que os custos de opera\u00e7\u00e3o ser\u00e3o suportados atrav\u00e9s das receitas geradas pela escola de equita\u00e7\u00e3o, aberta ao p\u00fablico em geral, proporcionando actividades equestres, a custo simb\u00f3lico a pessoas em situa\u00e7\u00f5es de exclus\u00e3o, nomeadamente crian\u00e7as.<\/p>\n\n\n\n<p>Foi criada em Lisboa, em Fevereiro de 2014, regendo-se pelos seus Estatutos e Regulamento Interno, bem como pelas disposi\u00e7\u00f5es aplic\u00e1veis do C\u00f3digo Civil e Legisla\u00e7\u00e3o Complementar.<\/p>\n\n\n\n<hr class=\"wp-block-separator\"\/>\n\n\n\n<h3 class=\"wp-block-heading\">\u00d3rg\u00e3os estatut\u00e1rios 2022-2026<\/h3>\n\n\n\n<figure class=\"wp-block-table is-style-regular\"><table><tbody><tr><th>Direc\u00e7\u00e3o<\/th><th>Conselho Fiscal<\/th><th>Mesa da Assembleia Geral<\/th><\/tr><tr><td>Presidente: Joana Moreira<\/td><td>Presidente: Ana Garcia<\/td><td>Presidente: Jo\u00e3o Garcia<\/td><\/tr><tr><td>Tesoureiro: Nuno Freire<\/td><td>Vogal: Joaquim Correia<\/td><td>Secret\u00e1rio: Martha Guerreiro<\/td><\/tr><tr><td>Secret\u00e1rio: Olivier Marques<\/td><td>Vogal: Gon\u00e7alo Marques<\/td><td>Secret\u00e1rio: Paulo Canaveira<\/td><\/tr><\/tbody><\/table><\/figure>\n\n\n\n<p><a href=\"https:\/\/todosagalope.pt\/wp-content\/uploads\/2016\/03\/Estatutos-TaG.pdf\"><strong>Estatutos<\/strong><\/a><\/p>\n\n\n\n<p><a href=\"https:\/\/todosagalope.pt\/wp-content\/uploads\/2016\/03\/Regulamento-TaG.pdf\" target=\"_blank\" rel=\"noreferrer noopener\"><strong>Regulamento interno<\/strong><\/a><\/p>\n\n\n\n<p><strong>Relat\u00f3rios de actividades e contas<\/strong><\/p>\n\n\n\n<ul class=\"wp-block-list\"><li><a href=\"https:\/\/www.dropbox.com\/scl\/fi\/81ulqa40l72czhkw8asis\/TaG-Relatorio-2022-Plano-23_24-23_03_15.pdf?rlkey=aqierbp8gyu19grlcb0ywytk2&amp;dl=0\">Relat\u00f3rio 2022 Plano bi\u00e9nio 2023-24<\/a><\/li><li><a href=\"https:\/\/www.dropbox.com\/s\/uyuaz47blwy070e\/TaG%20Relatorio%202021%20Plano%202022%20fv%2022_03_30.pdf?dl=0\">Relat\u00f3rio 2021 Plano 2022<\/a><\/li><li><a href=\"https:\/\/www.dropbox.com\/s\/plwa66v82s35448\/TaG%20Relatorio%202020%20Plano%202021.pdf?dl=0\">Relat\u00f3rio 2020 Plano 2021<\/a><\/li><li><a href=\"https:\/\/www.dropbox.com\/s\/nf2kyjfml2vg730\/TaG%20Relatorio%202019%20Plano%202020.pdf?dl=0\">Relat\u00f3rio 2019 Plano 2020<\/a><\/li><li><a href=\"https:\/\/www.dropbox.com\/s\/26wbldl31oqrf3c\/TaG%20Relatorio%202018%20Plano%202019%20CML.pdf?dl=0\">Relat\u00f3rio 2018 Plano 2019<\/a><\/li><li><a href=\"https:\/\/www.dropbox.com\/s\/51qnwmvu22dg8uk\/TaG%20Relatorio%202017%20Plano%202018.pdf?dl=0\">Relat\u00f3rio 2017 Plano 2018<\/a><\/li><li><a href=\"https:\/\/www.dropbox.com\/s\/wnqho9dfl0z1og3\/Relat%C3%B3rio%20de%20actividades%20Todos%20a%20Galope%20-%202016.pdf?dl=0\">Relat\u00f3rio 2016<\/a><\/li><\/ul>\n","protected":false},"excerpt":{"rendered":"<p>A Todos a Galope \u00e9 uma associa\u00e7\u00e3o equestre sem fins lucrativos cuja miss\u00e3o \u00e9 proporcionar o contacto e os benef\u00edcios da rela\u00e7\u00e3o com o cavalo a pessoas de todos os contextos socio-econ\u00f3micos, promovendo a igualdade e a inclus\u00e3o social atrav\u00e9s do desporto equestre e das atividades equestres ligadas ao lazer e \u00e0 sa\u00fade. Para prosseguir <a href=\"https:\/\/todosagalope.pt\/index.php\/sobrenos\/\" rel=\"nofollow\"><span class=\"sr-only\">Ler mais sobreA associa\u00e7\u00e3o<\/span>[&hellip;]<\/a><\/p>\n","protected":false},"author":1,"featured_media":1094,"parent":0,"menu_order":0,"comment_status":"closed","ping_status":"closed","template":"template-fullwidth.php","meta":{"footnotes":""},"class_list":["post-52","page","type-page","status-publish","has-post-thumbnail","hentry"],"yoast_head":"<!-- This site is optimized with the Yoast SEO plugin v18.9 - https:\/\/yoast.com\/wordpress\/plugins\/seo\/ -->\n<title>A associa\u00e7\u00e3o - Todos a Galope<\/title>\n<meta name=\"robots\" content=\"index, follow, max-snippet:-1, max-image-preview:large, max-video-preview:-1\" \/>\n<link rel=\"canonical\" href=\"https:\/\/todosagalope.pt\/index.php\/sobrenos\/\" \/>\n<meta property=\"og:locale\" content=\"pt_PT\" \/>\n<meta property=\"og:type\" content=\"article\" \/>\n<meta property=\"og:title\" content=\"A associa\u00e7\u00e3o - Todos a Galope\" \/>\n<meta property=\"og:description\" content=\"A Todos a Galope \u00e9 uma associa\u00e7\u00e3o equestre sem fins lucrativos cuja miss\u00e3o \u00e9 proporcionar o contacto e os benef\u00edcios da rela\u00e7\u00e3o com o cavalo a pessoas de todos os contextos socio-econ\u00f3micos, promovendo a igualdade e a inclus\u00e3o social atrav\u00e9s do desporto equestre e das atividades equestres ligadas ao lazer e \u00e0 sa\u00fade. Para prosseguir Ler mais sobreA associa\u00e7\u00e3o[&hellip;]\" \/>\n<meta property=\"og:url\" content=\"https:\/\/todosagalope.pt\/index.php\/sobrenos\/\" \/>\n<meta property=\"og:site_name\" content=\"Todos a Galope\" \/>\n<meta property=\"article:publisher\" content=\"http:\/\/facebook.com\/todosagalope.pt\" \/>\n<meta property=\"article:modified_time\" content=\"2025-08-20T13:27:31+00:00\" \/>\n<meta property=\"og:image\" content=\"https:\/\/todosagalope.pt\/wp-content\/uploads\/2017\/06\/cropped-Logo-TAG-1.png\" \/>\n\t<meta property=\"og:image:width\" content=\"1147\" \/>\n\t<meta property=\"og:image:height\" content=\"674\" \/>\n\t<meta property=\"og:image:type\" content=\"image\/png\" \/>\n<meta name=\"twitter:card\" content=\"summary\" \/>\n<meta name=\"twitter:site\" content=\"@todosagalope\" \/>\n<meta name=\"twitter:label1\" content=\"Tempo estimado de leitura\" \/>\n\t<meta name=\"twitter:data1\" content=\"2 minutos\" \/>\n<script type=\"application\/ld+json\" class=\"yoast-schema-graph\">{\"@context\":\"https:\/\/schema.org\",\"@graph\":[{\"@type\":\"Organization\",\"@id\":\"https:\/\/todosagalope.pt\/#organization\",\"name\":\"Todos a Galope\",\"url\":\"https:\/\/todosagalope.pt\/\",\"sameAs\":[\"https:\/\/www.instagram.com\/todosagalope\",\"http:\/\/facebook.com\/todosagalope.pt\",\"https:\/\/twitter.com\/todosagalope\"],\"logo\":{\"@type\":\"ImageObject\",\"inLanguage\":\"pt-PT\",\"@id\":\"https:\/\/todosagalope.pt\/#\/schema\/logo\/image\/\",\"url\":\"http:\/\/todosagalope.pt\/wp-content\/uploads\/2017\/06\/Logo-TAG.png\",\"contentUrl\":\"http:\/\/todosagalope.pt\/wp-content\/uploads\/2017\/06\/Logo-TAG.png\",\"width\":1147,\"height\":674,\"caption\":\"Todos a Galope\"},\"image\":{\"@id\":\"https:\/\/todosagalope.pt\/#\/schema\/logo\/image\/\"}},{\"@type\":\"WebSite\",\"@id\":\"https:\/\/todosagalope.pt\/#website\",\"url\":\"https:\/\/todosagalope.pt\/\",\"name\":\"Todos a Galope\",\"description\":\"Todos a Galope - Associa\u00e7\u00e3o Equestre\",\"publisher\":{\"@id\":\"https:\/\/todosagalope.pt\/#organization\"},\"potentialAction\":[{\"@type\":\"SearchAction\",\"target\":{\"@type\":\"EntryPoint\",\"urlTemplate\":\"https:\/\/todosagalope.pt\/?s={search_term_string}\"},\"query-input\":\"required name=search_term_string\"}],\"inLanguage\":\"pt-PT\"},{\"@type\":\"ImageObject\",\"inLanguage\":\"pt-PT\",\"@id\":\"https:\/\/todosagalope.pt\/index.php\/sobrenos\/#primaryimage\",\"url\":\"https:\/\/todosagalope.pt\/wp-content\/uploads\/2017\/06\/cropped-Logo-TAG-1.png\",\"contentUrl\":\"https:\/\/todosagalope.pt\/wp-content\/uploads\/2017\/06\/cropped-Logo-TAG-1.png\",\"width\":1147,\"height\":674},{\"@type\":\"WebPage\",\"@id\":\"https:\/\/todosagalope.pt\/index.php\/sobrenos\/#webpage\",\"url\":\"https:\/\/todosagalope.pt\/index.php\/sobrenos\/\",\"name\":\"A associa\u00e7\u00e3o - Todos a Galope\",\"isPartOf\":{\"@id\":\"https:\/\/todosagalope.pt\/#website\"},\"primaryImageOfPage\":{\"@id\":\"https:\/\/todosagalope.pt\/index.php\/sobrenos\/#primaryimage\"},\"datePublished\":\"2015-09-22T18:13:29+00:00\",\"dateModified\":\"2025-08-20T13:27:31+00:00\",\"breadcrumb\":{\"@id\":\"https:\/\/todosagalope.pt\/index.php\/sobrenos\/#breadcrumb\"},\"inLanguage\":\"pt-PT\",\"potentialAction\":[{\"@type\":\"ReadAction\",\"target\":[\"https:\/\/todosagalope.pt\/index.php\/sobrenos\/\"]}]},{\"@type\":\"BreadcrumbList\",\"@id\":\"https:\/\/todosagalope.pt\/index.php\/sobrenos\/#breadcrumb\",\"itemListElement\":[{\"@type\":\"ListItem\",\"position\":1,\"name\":\"In\u00edcio\",\"item\":\"https:\/\/todosagalope.pt\/\"},{\"@type\":\"ListItem\",\"position\":2,\"name\":\"A associa\u00e7\u00e3o\"}]}]}<\/script>\n<!-- \/ Yoast SEO plugin. -->","yoast_head_json":{"title":"A associa\u00e7\u00e3o - Todos a Galope","robots":{"index":"index","follow":"follow","max-snippet":"max-snippet:-1","max-image-preview":"max-image-preview:large","max-video-preview":"max-video-preview:-1"},"canonical":"https:\/\/todosagalope.pt\/index.php\/sobrenos\/","og_locale":"pt_PT","og_type":"article","og_title":"A associa\u00e7\u00e3o - Todos a Galope","og_description":"A Todos a Galope \u00e9 uma associa\u00e7\u00e3o equestre sem fins lucrativos cuja miss\u00e3o \u00e9 proporcionar o contacto e os benef\u00edcios da rela\u00e7\u00e3o com o cavalo a pessoas de todos os contextos socio-econ\u00f3micos, promovendo a igualdade e a inclus\u00e3o social atrav\u00e9s do desporto equestre e das atividades equestres ligadas ao lazer e \u00e0 sa\u00fade. Para prosseguir Ler mais sobreA associa\u00e7\u00e3o[&hellip;]","og_url":"https:\/\/todosagalope.pt\/index.php\/sobrenos\/","og_site_name":"Todos a Galope","article_publisher":"http:\/\/facebook.com\/todosagalope.pt","article_modified_time":"2025-08-20T13:27:31+00:00","og_image":[{"width":1147,"height":674,"url":"https:\/\/todosagalope.pt\/wp-content\/uploads\/2017\/06\/cropped-Logo-TAG-1.png","type":"image\/png"}],"twitter_card":"summary","twitter_site":"@todosagalope","twitter_misc":{"Tempo estimado de leitura":"2 minutos"},"schema":{"@context":"https:\/\/schema.org","@graph":[{"@type":"Organization","@id":"https:\/\/todosagalope.pt\/#organization","name":"Todos a Galope","url":"https:\/\/todosagalope.pt\/","sameAs":["https:\/\/www.instagram.com\/todosagalope","http:\/\/facebook.com\/todosagalope.pt","https:\/\/twitter.com\/todosagalope"],"logo":{"@type":"ImageObject","inLanguage":"pt-PT","@id":"https:\/\/todosagalope.pt\/#\/schema\/logo\/image\/","url":"http:\/\/todosagalope.pt\/wp-content\/uploads\/2017\/06\/Logo-TAG.png","contentUrl":"http:\/\/todosagalope.pt\/wp-content\/uploads\/2017\/06\/Logo-TAG.png","width":1147,"height":674,"caption":"Todos a Galope"},"image":{"@id":"https:\/\/todosagalope.pt\/#\/schema\/logo\/image\/"}},{"@type":"WebSite","@id":"https:\/\/todosagalope.pt\/#website","url":"https:\/\/todosagalope.pt\/","name":"Todos a Galope","description":"Todos a Galope - Associa\u00e7\u00e3o Equestre","publisher":{"@id":"https:\/\/todosagalope.pt\/#organization"},"potentialAction":[{"@type":"SearchAction","target":{"@type":"EntryPoint","urlTemplate":"https:\/\/todosagalope.pt\/?s={search_term_string}"},"query-input":"required name=search_term_string"}],"inLanguage":"pt-PT"},{"@type":"ImageObject","inLanguage":"pt-PT","@id":"https:\/\/todosagalope.pt\/index.php\/sobrenos\/#primaryimage","url":"https:\/\/todosagalope.pt\/wp-content\/uploads\/2017\/06\/cropped-Logo-TAG-1.png","contentUrl":"https:\/\/todosagalope.pt\/wp-content\/uploads\/2017\/06\/cropped-Logo-TAG-1.png","width":1147,"height":674},{"@type":"WebPage","@id":"https:\/\/todosagalope.pt\/index.php\/sobrenos\/#webpage","url":"https:\/\/todosagalope.pt\/index.php\/sobrenos\/","name":"A associa\u00e7\u00e3o - Todos a Galope","isPartOf":{"@id":"https:\/\/todosagalope.pt\/#website"},"primaryImageOfPage":{"@id":"https:\/\/todosagalope.pt\/index.php\/sobrenos\/#primaryimage"},"datePublished":"2015-09-22T18:13:29+00:00","dateModified":"2025-08-20T13:27:31+00:00","breadcrumb":{"@id":"https:\/\/todosagalope.pt\/index.php\/sobrenos\/#breadcrumb"},"inLanguage":"pt-PT","potentialAction":[{"@type":"ReadAction","target":["https:\/\/todosagalope.pt\/index.php\/sobrenos\/"]}]},{"@type":"BreadcrumbList","@id":"https:\/\/todosagalope.pt\/index.php\/sobrenos\/#breadcrumb","itemListElement":[{"@type":"ListItem","position":1,"name":"In\u00edcio","item":"https:\/\/todosagalope.pt\/"},{"@type":"ListItem","position":2,"name":"A associa\u00e7\u00e3o"}]}]}},"uagb_featured_image_src":{"full":["https:\/\/todosagalope.pt\/wp-content\/uploads\/2017\/06\/cropped-Logo-TAG-1.png",1147,674,false],"thumbnail":["https:\/\/todosagalope.pt\/wp-content\/uploads\/2017\/06\/cropped-Logo-TAG-1-150x150.png",150,150,true],"medium":["https:\/\/todosagalope.pt\/wp-content\/uploads\/2017\/06\/cropped-Logo-TAG-1-300x176.png",300,176,true],"medium_large":["https:\/\/todosagalope.pt\/wp-content\/uploads\/2017\/06\/cropped-Logo-TAG-1-768x451.png",640,376,true],"large":["https:\/\/todosagalope.pt\/wp-content\/uploads\/2017\/06\/cropped-Logo-TAG-1-1024x602.png",640,376,true],"1536x1536":["https:\/\/todosagalope.pt\/wp-content\/uploads\/2017\/06\/cropped-Logo-TAG-1.png",1147,674,false],"2048x2048":["https:\/\/todosagalope.pt\/wp-content\/uploads\/2017\/06\/cropped-Logo-TAG-1.png",1147,674,false],"zerif-post-thumbnail":["https:\/\/todosagalope.pt\/wp-content\/uploads\/2017\/06\/cropped-Logo-TAG-1-250x250.png",250,250,true],"zerif-post-thumbnail-large":["https:\/\/todosagalope.pt\/wp-content\/uploads\/2017\/06\/cropped-Logo-TAG-1-750x500.png",750,500,true],"zerif-post-thumbnail-large-table":["https:\/\/todosagalope.pt\/wp-content\/uploads\/2017\/06\/cropped-Logo-TAG-1-600x300.png",600,300,true],"zerif-post-thumbnail-large-mobile":["https:\/\/todosagalope.pt\/wp-content\/uploads\/2017\/06\/cropped-Logo-TAG-1-400x200.png",400,200,true],"zerif_project_photo":["https:\/\/todosagalope.pt\/wp-content\/uploads\/2017\/06\/cropped-Logo-TAG-1-285x214.png",285,214,true],"zerif_our_team_photo":["https:\/\/todosagalope.pt\/wp-content\/uploads\/2017\/06\/cropped-Logo-TAG-1-174x174.png",174,174,true]},"uagb_author_info":{"display_name":"admin","author_link":"https:\/\/todosagalope.pt\/index.php\/author\/admin\/"},"uagb_comment_info":0,"uagb_excerpt":"A Todos a Galope \u00e9 uma associa\u00e7\u00e3o equestre sem fins lucrativos cuja miss\u00e3o \u00e9 proporcionar o contacto e os benef\u00edcios da rela\u00e7\u00e3o com o cavalo a pessoas de todos os contextos socio-econ\u00f3micos, promovendo a igualdade e a inclus\u00e3o social atrav\u00e9s do desporto equestre e das atividades equestres ligadas ao lazer e \u00e0 sa\u00fade. Para prosseguir&hellip;","_links":{"self":[{"href":"https:\/\/todosagalope.pt\/index.php\/wp-json\/wp\/v2\/pages\/52","targetHints":{"allow":["GET"]}}],"collection":[{"href":"https:\/\/todosagalope.pt\/index.php\/wp-json\/wp\/v2\/pages"}],"about":[{"href":"https:\/\/todosagalope.pt\/index.php\/wp-json\/wp\/v2\/types\/page"}],"author":[{"embeddable":true,"href":"https:\/\/todosagalope.pt\/index.php\/wp-json\/wp\/v2\/users\/1"}],"replies":[{"embeddable":true,"href":"https:\/\/todosagalope.pt\/index.php\/wp-json\/wp\/v2\/comments?post=52"}],"version-history":[{"count":23,"href":"https:\/\/todosagalope.pt\/index.php\/wp-json\/wp\/v2\/pages\/52\/revisions"}],"predecessor-version":[{"id":2235,"href":"https:\/\/todosagalope.pt\/index.php\/wp-json\/wp\/v2\/pages\/52\/revisions\/2235"}],"wp:featuredmedia":[{"embeddable":true,"href":"https:\/\/todosagalope.pt\/index.php\/wp-json\/wp\/v2\/media\/1094"}],"wp:attachment":[{"href":"https:\/\/todosagalope.pt\/index.php\/wp-json\/wp\/v2\/media?parent=52"}],"curies":[{"name":"wp","href":"https:\/\/api.w.org\/{rel}","templated":true}]}}